{"id":14,"date":"2021-11-21T15:14:19","date_gmt":"2021-11-21T15:14:19","guid":{"rendered":"https:\/\/www.darujusmev.cz\/?page_id=14"},"modified":"2022-04-30T12:15:03","modified_gmt":"2022-04-30T12:15:03","slug":"onas","status":"publish","type":"page","link":"https:\/\/www.darujusmev.cz\/?page_id=14","title":{"rendered":"O n\u00e1s"},"content":{"rendered":"\t\t<div data-elementor-type=\"wp-page\" data-elementor-id=\"14\" class=\"elementor elementor-14\">\n\t\t\t\t\t\t\t\t\t<section class=\"elementor-section elementor-top-section elementor-element elementor-element-c8ddeb6 elementor-section-height-min-height elementor-section-boxed elementor-section-height-default elementor-section-items-middle\" data-id=\"c8ddeb6\" data-element_type=\"section\" data-settings=\"{&quot;background_background&quot;:&quot;classic&quot;}\">\n\t\t\t\t\t\t\t<div class=\"elementor-background-overlay\"><\/div>\n\t\t\t\t\t\t\t<div class=\"elementor-container elementor-column-gap-default\">\n\t\t\t\t\t<div class=\"elementor-column elementor-col-100 elementor-top-column elementor-element elementor-element-6a5337e\" data-id=\"6a5337e\" data-element_type=\"column\">\n\t\t\t<div class=\"elementor-widget-wrap elementor-element-populated\">\n\t\t\t\t\t\t\t\t<div class=\"elementor-element elementor-element-feefb6c elementor-widget elementor-widget-heading\" data-id=\"feefb6c\" data-element_type=\"widget\" data-widget_type=\"heading.default\">\n\t\t\t\t<div class=\"elementor-widget-container\">\n\t\t\t<style>\/*! elementor - v3.6.2 - 04-04-2022 *\/\n.elementor-heading-title{padding:0;margin:0;line-height:1}.elementor-widget-heading .elementor-heading-title[class*=elementor-size-]>a{color:inherit;font-size:inherit;line-height:inherit}.elementor-widget-heading .elementor-heading-title.elementor-size-small{font-size:15px}.elementor-widget-heading .elementor-heading-title.elementor-size-medium{font-size:19px}.elementor-widget-heading .elementor-heading-title.elementor-size-large{font-size:29px}.elementor-widget-heading .elementor-heading-title.elementor-size-xl{font-size:39px}.elementor-widget-heading .elementor-heading-title.elementor-size-xxl{font-size:59px}<\/style><h1 class=\"elementor-heading-title elementor-size-default\">O n\u00e1s<\/h1>\t\t<\/div>\n\t\t\t\t<\/div>\n\t\t\t\t\t<\/div>\n\t\t<\/div>\n\t\t\t\t\t\t\t<\/div>\n\t\t<\/section>\n\t\t\t\t<section class=\"elementor-section elementor-top-section elementor-element elementor-element-034f786 elementor-section-boxed elementor-section-height-default elementor-section-height-default\" data-id=\"034f786\" data-element_type=\"section\">\n\t\t\t\t\t\t<div class=\"elementor-container elementor-column-gap-default\">\n\t\t\t\t\t<div class=\"elementor-column elementor-col-100 elementor-top-column elementor-element elementor-element-ba0c118\" data-id=\"ba0c118\" data-element_type=\"column\">\n\t\t\t<div class=\"elementor-widget-wrap elementor-element-populated\">\n\t\t\t\t\t\t\t\t<div class=\"elementor-element elementor-element-3dc998b elementor-widget elementor-widget-heading\" data-id=\"3dc998b\" data-element_type=\"widget\" data-widget_type=\"heading.default\">\n\t\t\t\t<div class=\"elementor-widget-container\">\n\t\t\t<h2 class=\"elementor-heading-title elementor-size-default\">JAK\u00dd JE N\u00c1\u0160 \u00da\u010cEL?<\/h2>\t\t<\/div>\n\t\t\t\t<\/div>\n\t\t\t\t\t<\/div>\n\t\t<\/div>\n\t\t\t\t\t\t\t<\/div>\n\t\t<\/section>\n\t\t\t\t<section class=\"elementor-section elementor-top-section elementor-element elementor-element-e86c195 elementor-section-boxed elementor-section-height-default elementor-section-height-default\" data-id=\"e86c195\" data-element_type=\"section\">\n\t\t\t\t\t\t<div class=\"elementor-container elementor-column-gap-default\">\n\t\t\t\t\t<div class=\"elementor-column elementor-col-100 elementor-top-column elementor-element elementor-element-1449b64\" data-id=\"1449b64\" data-element_type=\"column\">\n\t\t\t<div class=\"elementor-widget-wrap\">\n\t\t\t\t\t\t\t\t\t<\/div>\n\t\t<\/div>\n\t\t\t\t\t\t\t<\/div>\n\t\t<\/section>\n\t\t\t\t<section class=\"elementor-section elementor-top-section elementor-element elementor-element-7b451ae elementor-section-boxed elementor-section-height-default elementor-section-height-default\" data-id=\"7b451ae\" data-element_type=\"section\">\n\t\t\t\t\t\t<div class=\"elementor-container elementor-column-gap-default\">\n\t\t\t\t\t<div class=\"elementor-column elementor-col-100 elementor-top-column elementor-element elementor-element-7c12cac\" data-id=\"7c12cac\" data-element_type=\"column\">\n\t\t\t<div class=\"elementor-widget-wrap elementor-element-populated\">\n\t\t\t\t\t\t\t\t<div class=\"elementor-element elementor-element-cccfdc3 elementor-widget elementor-widget-heading\" data-id=\"cccfdc3\" data-element_type=\"widget\" data-widget_type=\"heading.default\">\n\t\t\t\t<div class=\"elementor-widget-container\">\n\t\t\t<h5 class=\"elementor-heading-title elementor-size-default\">- organizace kulturn\u00edch akc\u00ed, vedouc\u00edch ke zlep\u0161en\u00ed kulturn\u00edch podm\u00ednek\n<\/h5>\t\t<\/div>\n\t\t\t\t<\/div>\n\t\t\t\t<div class=\"elementor-element elementor-element-ac0f2b3 elementor-widget elementor-widget-heading\" data-id=\"ac0f2b3\" data-element_type=\"widget\" data-widget_type=\"heading.default\">\n\t\t\t\t<div class=\"elementor-widget-container\">\n\t\t\t<h5 class=\"elementor-heading-title elementor-size-default\">- po\u0159\u00e1d\u00e1n\u00ed kulturn\u00edch akc\u00ed, p\u0159edn\u00e1\u0161ek, koncert\u016f a p\u0159edstaven\u00ed um\u011blc\u016f, za     \u00fa\u010delem prim\u00e1rn\u00ed prevence soci\u00e1ln\u011b-patologick\u00fdch jev\u016f ve spole\u010dnosti   <\/h5>\t\t<\/div>\n\t\t\t\t<\/div>\n\t\t\t\t<div class=\"elementor-element elementor-element-5ef1a8f elementor-widget elementor-widget-heading\" data-id=\"5ef1a8f\" data-element_type=\"widget\" data-widget_type=\"heading.default\">\n\t\t\t\t<div class=\"elementor-widget-container\">\n\t\t\t<h5 class=\"elementor-heading-title elementor-size-default\">- zkvalitn\u011bn\u00ed kulturn\u00edho vy\u017eit\u00ed senior\u016fm, um\u00edst\u011bn\u00fdch v \u00fastavn\u00edch a soci\u00e1ln\u00edch za\u0159\u00edzen\u00edch, a d\u011btem z d\u011btsk\u00fdch domov\u016f a podobn\u00fdch za\u0159\u00edzen\u00ed<\/h5>\t\t<\/div>\n\t\t\t\t<\/div>\n\t\t\t\t<div class=\"elementor-element elementor-element-3221e31 elementor-widget elementor-widget-heading\" data-id=\"3221e31\" data-element_type=\"widget\" data-widget_type=\"heading.default\">\n\t\t\t\t<div class=\"elementor-widget-container\">\n\t\t\t<h5 class=\"elementor-heading-title elementor-size-default\">- tvorba projekt\u016f, napom\u00e1haj\u00edc\u00edch ke zvy\u0161ov\u00e1n\u00ed ob\u010dansk\u00e9 a mezigenera\u010dn\u00ed solidarity, podpora vz\u00e1jemn\u00e9ho ob\u010dansk\u00e9ho sou\u017eit\u00ed, ochrana ob\u010dansk\u00fdch a mezilidsk\u00fdch pr\u00e1v a podpora zdrav\u00e9ho \u017eivotn\u00edho stylu<\/h5>\t\t<\/div>\n\t\t\t\t<\/div>\n\t\t\t\t<div class=\"elementor-element elementor-element-62241e9 elementor-widget elementor-widget-heading\" data-id=\"62241e9\" data-element_type=\"widget\" data-widget_type=\"heading.default\">\n\t\t\t\t<div class=\"elementor-widget-container\">\n\t\t\t<h5 class=\"elementor-heading-title elementor-size-default\">- spolupr\u00e1ce s neziskov\u00fdmi organizacemi a z\u00e1stupci ve\u0159ejn\u00e9 spr\u00e1vy v p\u0159\u00edbuzn\u00fdch oborech\n<\/h5>\t\t<\/div>\n\t\t\t\t<\/div>\n\t\t\t\t<div class=\"elementor-element elementor-element-17fa788 elementor-widget elementor-widget-heading\" data-id=\"17fa788\" data-element_type=\"widget\" data-widget_type=\"heading.default\">\n\t\t\t\t<div class=\"elementor-widget-container\">\n\t\t\t<h5 class=\"elementor-heading-title elementor-size-default\">- podpora skupin a jednotlivc\u016f v zlep\u0161ov\u00e1n\u00ed \u017eivotn\u00ed, zdravotn\u00ed, soci\u00e1ln\u00ed \u00farovn\u011b a \u017eivotn\u00edch podm\u00ednek\n<\/h5>\t\t<\/div>\n\t\t\t\t<\/div>\n\t\t\t\t<div class=\"elementor-element elementor-element-4d71e59 elementor-widget elementor-widget-heading\" data-id=\"4d71e59\" data-element_type=\"widget\" data-widget_type=\"heading.default\">\n\t\t\t\t<div class=\"elementor-widget-container\">\n\t\t\t<h5 class=\"elementor-heading-title elementor-size-default\">- organizace ve\u0159ejn\u00fdch sb\u00edrek na pomoc d\u011btem, senior\u016fm a dal\u0161\u00edm soci\u00e1ln\u00edm skupin\u00e1m nach\u00e1zej\u00edc\u00ed se v soci\u00e1ln\u011b nep\u0159\u00edzniv\u00e9 situaci<\/h5>\t\t<\/div>\n\t\t\t\t<\/div>\n\t\t\t\t\t<\/div>\n\t\t<\/div>\n\t\t\t\t\t\t\t<\/div>\n\t\t<\/section>\n\t\t\t\t\t\t\t<\/div>\n\t\t","protected":false},"excerpt":{"rendered":"<p>O n\u00e1s JAK\u00dd JE N\u00c1\u0160 \u00da\u010cEL? &#8211; organizace kulturn\u00edch akc\u00ed, vedouc\u00edch ke zlep\u0161en\u00ed kulturn\u00edch podm\u00ednek &#8211; po\u0159\u00e1d\u00e1n\u00ed kulturn\u00edch akc\u00ed, p\u0159edn\u00e1\u0161ek, koncert\u016f a p\u0159edstaven\u00ed um\u011blc\u016f, za \u00fa\u010delem prim\u00e1rn\u00ed prevence soci\u00e1ln\u011b-patologick\u00fdch jev\u016f ve spole\u010dnosti &#8211; zkvalitn\u011bn\u00ed kulturn\u00edho vy\u017eit\u00ed senior\u016fm, um\u00edst\u011bn\u00fdch v \u00fastavn\u00edch a soci\u00e1ln\u00edch za\u0159\u00edzen\u00edch, a d\u011btem z d\u011btsk\u00fdch domov\u016f a podobn\u00fdch za\u0159\u00edzen\u00ed &#8211; tvorba projekt\u016f, napom\u00e1haj\u00edc\u00edch &hellip;<\/p>\n<p class=\"read-more\"> <a class=\"\" href=\"https:\/\/www.darujusmev.cz\/?page_id=14\"> <span class=\"screen-reader-text\">O n\u00e1s<\/span> Pokra\u010dovat ve \u010dten\u00ed &raquo;<\/a><\/p>\n","protected":false},"author":1,"featured_media":0,"parent":0,"menu_order":0,"comment_status":"closed","ping_status":"closed","template":"","meta":{"site-sidebar-layout":"no-sidebar","site-content-layout":"page-builder","ast-main-header-display":"","ast-hfb-above-header-display":"","ast-hfb-below-header-display":"","ast-hfb-mobile-header-display":"","site-post-title":"disabled","ast-breadcrumbs-content":"","ast-featured-img":"disabled","footer-sml-layout":"","theme-transparent-header-meta":"enabled","adv-header-id-meta":"","stick-header-meta":"","header-above-stick-meta":"","header-main-stick-meta":"","header-below-stick-meta":"","footnotes":""},"class_list":["post-14","page","type-page","status-publish","hentry"],"_links":{"self":[{"href":"https:\/\/www.darujusmev.cz\/index.php?rest_route=\/wp\/v2\/pages\/14","targetHints":{"allow":["GET"]}}],"collection":[{"href":"https:\/\/www.darujusmev.cz\/index.php?rest_route=\/wp\/v2\/pages"}],"about":[{"href":"https:\/\/www.darujusmev.cz\/index.php?rest_route=\/wp\/v2\/types\/page"}],"author":[{"embeddable":true,"href":"https:\/\/www.darujusmev.cz\/index.php?rest_route=\/wp\/v2\/users\/1"}],"replies":[{"embeddable":true,"href":"https:\/\/www.darujusmev.cz\/index.php?rest_route=%2Fwp%2Fv2%2Fcomments&post=14"}],"version-history":[{"count":23,"href":"https:\/\/www.darujusmev.cz\/index.php?rest_route=\/wp\/v2\/pages\/14\/revisions"}],"predecessor-version":[{"id":1471,"href":"https:\/\/www.darujusmev.cz\/index.php?rest_route=\/wp\/v2\/pages\/14\/revisions\/1471"}],"wp:attachment":[{"href":"https:\/\/www.darujusmev.cz\/index.php?rest_route=%2Fwp%2Fv2%2Fmedia&parent=14"}],"curies":[{"name":"wp","href":"https:\/\/api.w.org\/{rel}","templated":true}]}}